{"id":2644,"date":"2024-05-02T20:59:36","date_gmt":"2024-05-02T20:59:36","guid":{"rendered":"https:\/\/store.completei.org\/?post_type=product&#038;p=2644"},"modified":"2024-05-10T23:23:14","modified_gmt":"2024-05-10T23:23:14","slug":"personal-plan-intermedio","status":"publish","type":"product","link":"https:\/\/store.completeyouth.org\/index.php\/product\/personal-plan-intermedio\/","title":{"rendered":"Plan Personal Intermedio"},"content":{"rendered":"<ul>\n<li>Valoraci\u00f3n Personal. C\u00f3digo de Reporte individual.<\/li>\n<li>Reporte individual en PDF de Valoraci\u00f3n de 38 Paginas.<\/li>\n<li>UNA (1) sesi\u00f3n de revisi\u00f3n de evaluaci\u00f3n de 60 minutos con un capacitador\/consultor certificado.<\/li>\n<li>UNA (1) Taller de 60 Minutos con un Entrenador\/Consultor certificado.<\/li>\n<li>Acceso a plataforma Online (Complete Academy) con 10 lecciones con video + hojas de trabajo.<\/li>\n<li>* Opci\u00f3n 2: UNA (1) Sesi\u00f3n de Coaching y Mentor\u00eda. Con 50% de descuento Valor regular\u00a0 $199 oferta por adquirir Valoraci\u00f3n Intermedia (+$99.50)<\/li>\n<\/ul>\n","protected":false},"excerpt":{"rendered":"<p>*Agregar Sesi\u00f3n de Coaching y Mentor\u00eda con 50% de descuento (+99.50)<\/p>\n","protected":false},"featured_media":2673,"comment_status":"open","ping_status":"closed","template":"","meta":{"give_campaign_id":0,"om_disable_all_campaigns":false,"_monsterinsights_skip_tracking":false,"_monsterinsights_sitenote_active":false,"_monsterinsights_sitenote_note":"","_monsterinsights_sitenote_category":0,"site-sidebar-layout":"default","site-content-layout":"default","ast-site-content-layout":"default","site-content-style":"default","site-sidebar-style":"default","ast-global-header-display":"","ast-banner-title-visibility":"","ast-main-header-display":"","ast-hfb-above-header-display":"","ast-hfb-below-header-display":"","ast-hfb-mobile-header-display":"","site-post-title":"","ast-breadcrumbs-content":"","ast-featured-img":"","footer-sml-layout":"","theme-transparent-header-meta":"default","adv-header-id-meta":"","stick-header-meta":"","header-above-stick-meta":"","header-main-stick-meta":"","header-below-stick-meta":"","astra-migrate-meta-layouts":"set","ast-page-background-enabled":"default","ast-page-background-meta":{"desktop":{"background-color":"","background-image":"","background-repeat":"repeat","background-position":"center center","background-size":"auto","background-attachment":"scroll","background-type":"","background-media":"","overlay-type":"","overlay-color":"","overlay-gradient":""},"tablet":{"background-color":"","background-image":"","background-repeat":"repeat","background-position":"center center","background-size":"auto","background-attachment":"scroll","background-type":"","background-media":"","overlay-type":"","overlay-color":"","overlay-gradient":""},"mobile":{"background-color":"","background-image":"","background-repeat":"repeat","background-position":"center center","background-size":"auto","background-attachment":"scroll","background-type":"","background-media":"","overlay-type":"","overlay-color":"","overlay-gradient":""}},"ast-content-background-meta":{"desktop":{"background-color":"var(--ast-global-color-5)","background-image":"","background-repeat":"repeat","background-position":"center center","background-size":"auto","background-attachment":"scroll","background-type":"","background-media":"","overlay-type":"","overlay-color":"","overlay-gradient":""},"tablet":{"background-color":"var(--ast-global-color-5)","background-image":"","background-repeat":"repeat","background-position":"center center","background-size":"auto","background-attachment":"scroll","background-type":"","background-media":"","overlay-type":"","overlay-color":"","overlay-gradient":""},"mobile":{"background-color":"var(--ast-global-color-5)","background-image":"","background-repeat":"repeat","background-position":"center center","background-size":"auto","background-attachment":"scroll","background-type":"","background-media":"","overlay-type":"","overlay-color":"","overlay-gradient":""}}},"product_brand":[],"product_cat":[44,57,58],"product_tag":[],"class_list":{"0":"post-2644","1":"product","2":"type-product","3":"status-publish","4":"has-post-thumbnail","6":"product_cat-recursos-en-espanol","7":"product_cat-recursos-de-liderazgo-recursos-en-espanol","8":"product_cat-recursos-de-crecimiento-personal","9":"desktop-align-center","10":"tablet-align-left","11":"mobile-align-left","13":"first","14":"instock","15":"shipping-taxable","16":"purchasable","17":"product-type-variable"},"aioseo_notices":[],"_links":{"self":[{"href":"https:\/\/store.completeyouth.org\/index.php\/wp-json\/wp\/v2\/product\/2644","targetHints":{"allow":["GET"]}}],"collection":[{"href":"https:\/\/store.completeyouth.org\/index.php\/wp-json\/wp\/v2\/product"}],"about":[{"href":"https:\/\/store.completeyouth.org\/index.php\/wp-json\/wp\/v2\/types\/product"}],"replies":[{"embeddable":true,"href":"https:\/\/store.completeyouth.org\/index.php\/wp-json\/wp\/v2\/comments?post=2644"}],"wp:featuredmedia":[{"embeddable":true,"href":"https:\/\/store.completeyouth.org\/index.php\/wp-json\/wp\/v2\/media\/2673"}],"wp:attachment":[{"href":"https:\/\/store.completeyouth.org\/index.php\/wp-json\/wp\/v2\/media?parent=2644"}],"wp:term":[{"taxonomy":"product_brand","embeddable":true,"href":"https:\/\/store.completeyouth.org\/index.php\/wp-json\/wp\/v2\/product_brand?post=2644"},{"taxonomy":"product_cat","embeddable":true,"href":"https:\/\/store.completeyouth.org\/index.php\/wp-json\/wp\/v2\/product_cat?post=2644"},{"taxonomy":"product_tag","embeddable":true,"href":"https:\/\/store.completeyouth.org\/index.php\/wp-json\/wp\/v2\/product_tag?post=2644"}],"curies":[{"name":"wp","href":"https:\/\/api.w.org\/{rel}","templated":true}]}}