{"id":2647,"date":"2024-05-02T20:59:37","date_gmt":"2024-05-02T20:59:37","guid":{"rendered":"https:\/\/store.completei.org\/?post_type=product&#038;p=2647"},"modified":"2024-05-10T23:29:53","modified_gmt":"2024-05-10T23:29:53","slug":"corporativo-paquete","status":"publish","type":"product","link":"https:\/\/store.completeyouth.org\/index.php\/product\/corporativo-paquete\/","title":{"rendered":"Corporativo Paquete"},"content":{"rendered":"<h5 class=\"elementor-heading-title elementor-size-default\">M\u00ednimo 4 participantes &amp; Max. 10 participantes<\/h5>\n<ul>\n<li>Valoraci\u00f3n Personal.\u00a0C\u00f3digo de Reporte individual.<\/li>\n<li>Reporte individual en PDF de Valoraci\u00f3n de 38 Paginas.<\/li>\n<li>UNA (1) sesi\u00f3n de revisi\u00f3n de evaluaci\u00f3n de 60 minutos con un capacitador\/consultor certificado.<\/li>\n<li>UNA (1) Taller de 60 Minutos con un Entrenador\/Consultor certificado<\/li>\n<\/ul>\n","protected":false},"excerpt":{"rendered":"<p>*Opci\u00f3n no incluida en este paquete, pero ofrecida: Revisi\u00f3n de valoraci\u00f3n Individualizada (+$49.50)<\/p>\n","protected":false},"featured_media":2677,"comment_status":"open","ping_status":"closed","template":"","meta":{"give_campaign_id":0,"om_disable_all_campaigns":false,"_monsterinsights_skip_tracking":false,"_monsterinsights_sitenote_active":false,"_monsterinsights_sitenote_note":"","_monsterinsights_sitenote_category":0,"site-sidebar-layout":"default","site-content-layout":"default","ast-site-content-layout":"default","site-content-style":"default","site-sidebar-style":"default","ast-global-header-display":"","ast-banner-title-visibility":"","ast-main-header-display":"","ast-hfb-above-header-display":"","ast-hfb-below-header-display":"","ast-hfb-mobile-header-display":"","site-post-title":"","ast-breadcrumbs-content":"","ast-featured-img":"","footer-sml-layout":"","theme-transparent-header-meta":"default","adv-header-id-meta":"","stick-header-meta":"","header-above-stick-meta":"","header-main-stick-meta":"","header-below-stick-meta":"","astra-migrate-meta-layouts":"set","ast-page-background-enabled":"default","ast-page-background-meta":{"desktop":{"background-color":"","background-image":"","background-repeat":"repeat","background-position":"center center","background-size":"auto","background-attachment":"scroll","background-type":"","background-media":"","overlay-type":"","overlay-color":"","overlay-gradient":""},"tablet":{"background-color":"","background-image":"","background-repeat":"repeat","background-position":"center center","background-size":"auto","background-attachment":"scroll","background-type":"","background-media":"","overlay-type":"","overlay-color":"","overlay-gradient":""},"mobile":{"background-color":"","background-image":"","background-repeat":"repeat","background-position":"center center","background-size":"auto","background-attachment":"scroll","background-type":"","background-media":"","overlay-type":"","overlay-color":"","overlay-gradient":""}},"ast-content-background-meta":{"desktop":{"background-color":"var(--ast-global-color-5)","background-image":"","background-repeat":"repeat","background-position":"center center","background-size":"auto","background-attachment":"scroll","background-type":"","background-media":"","overlay-type":"","overlay-color":"","overlay-gradient":""},"tablet":{"background-color":"var(--ast-global-color-5)","background-image":"","background-repeat":"repeat","background-position":"center center","background-size":"auto","background-attachment":"scroll","background-type":"","background-media":"","overlay-type":"","overlay-color":"","overlay-gradient":""},"mobile":{"background-color":"var(--ast-global-color-5)","background-image":"","background-repeat":"repeat","background-position":"center center","background-size":"auto","background-attachment":"scroll","background-type":"","background-media":"","overlay-type":"","overlay-color":"","overlay-gradient":""}}},"product_brand":[],"product_cat":[44,57],"product_tag":[],"class_list":{"0":"post-2647","1":"product","2":"type-product","3":"status-publish","4":"has-post-thumbnail","6":"product_cat-recursos-en-espanol","7":"product_cat-recursos-de-liderazgo-recursos-en-espanol","8":"desktop-align-center","9":"tablet-align-left","10":"mobile-align-left","12":"first","13":"instock","14":"shipping-taxable","15":"purchasable","16":"product-type-variable"},"aioseo_notices":[],"_links":{"self":[{"href":"https:\/\/store.completeyouth.org\/index.php\/wp-json\/wp\/v2\/product\/2647","targetHints":{"allow":["GET"]}}],"collection":[{"href":"https:\/\/store.completeyouth.org\/index.php\/wp-json\/wp\/v2\/product"}],"about":[{"href":"https:\/\/store.completeyouth.org\/index.php\/wp-json\/wp\/v2\/types\/product"}],"replies":[{"embeddable":true,"href":"https:\/\/store.completeyouth.org\/index.php\/wp-json\/wp\/v2\/comments?post=2647"}],"wp:featuredmedia":[{"embeddable":true,"href":"https:\/\/store.completeyouth.org\/index.php\/wp-json\/wp\/v2\/media\/2677"}],"wp:attachment":[{"href":"https:\/\/store.completeyouth.org\/index.php\/wp-json\/wp\/v2\/media?parent=2647"}],"wp:term":[{"taxonomy":"product_brand","embeddable":true,"href":"https:\/\/store.completeyouth.org\/index.php\/wp-json\/wp\/v2\/product_brand?post=2647"},{"taxonomy":"product_cat","embeddable":true,"href":"https:\/\/store.completeyouth.org\/index.php\/wp-json\/wp\/v2\/product_cat?post=2647"},{"taxonomy":"product_tag","embeddable":true,"href":"https:\/\/store.completeyouth.org\/index.php\/wp-json\/wp\/v2\/product_tag?post=2647"}],"curies":[{"name":"wp","href":"https:\/\/api.w.org\/{rel}","templated":true}]}}