{"id":2762,"date":"2024-11-30T04:01:29","date_gmt":"2024-11-30T04:01:29","guid":{"rendered":"https:\/\/store.completei.org\/?post_type=product&#038;p=2762"},"modified":"2024-12-30T21:18:29","modified_gmt":"2024-12-30T21:18:29","slug":"complete-christmas-challenge-calendar-and-journal","status":"publish","type":"product","link":"https:\/\/store.completeyouth.org\/index.php\/product\/complete-christmas-challenge-calendar-and-journal\/","title":{"rendered":"Christmas Challenge Calendar and Journal"},"content":{"rendered":"<p>Navidad celebra el nacimiento de Jes\u00fas, por lo que queremos invitarte a ser parte del<br \/>\ndesaf\u00edo de conocerlo m\u00e1s profundamente a trav\u00e9s del evangelio de Lucas. \u00bfEn qu\u00e9<br \/>\nconsiste el desaf\u00edo? \u00a1Es muy sencillo! Del 1 al 24 de diciembre lee cada d\u00eda un cap\u00edtulo de<br \/>\neste inspirador libro de la Biblia (Evangelio de Lucas), y para hacer de este desaf\u00edo una<br \/>\nexperiencia a\u00fan m\u00e1s personalizada y edificante, descarga gratuitamente este calendario<br \/>\ny este Journal para registrar diariamente las ense\u00f1anzas destacadas de la lectura de<br \/>\ncada d\u00eda.<\/p>\n","protected":false},"excerpt":{"rendered":"<p>Descarga gratuitamente este calendario y este Journal, y haz de Complete Christmas Challenge una inolvidable experiencia personalizada y edificante.<\/p>\n","protected":false},"featured_media":2763,"comment_status":"open","ping_status":"closed","template":"","meta":{"give_campaign_id":0,"om_disable_all_campaigns":false,"_monsterinsights_skip_tracking":false,"_monsterinsights_sitenote_active":false,"_monsterinsights_sitenote_note":"","_monsterinsights_sitenote_category":0,"site-sidebar-layout":"default","site-content-layout":"","ast-site-content-layout":"default","site-content-style":"default","site-sidebar-style":"default","ast-global-header-display":"","ast-banner-title-visibility":"","ast-main-header-display":"","ast-hfb-above-header-display":"","ast-hfb-below-header-display":"","ast-hfb-mobile-header-display":"","site-post-title":"","ast-breadcrumbs-content":"","ast-featured-img":"","footer-sml-layout":"","theme-transparent-header-meta":"default","adv-header-id-meta":"","stick-header-meta":"","header-above-stick-meta":"","header-main-stick-meta":"","header-below-stick-meta":"","astra-migrate-meta-layouts":"set","ast-page-background-enabled":"default","ast-page-background-meta":{"desktop":{"background-color":"","background-image":"","background-repeat":"repeat","background-position":"center center","background-size":"auto","background-attachment":"scroll","background-type":"","background-media":"","overlay-type":"","overlay-color":"","overlay-gradient":""},"tablet":{"background-color":"","background-image":"","background-repeat":"repeat","background-position":"center center","background-size":"auto","background-attachment":"scroll","background-type":"","background-media":"","overlay-type":"","overlay-color":"","overlay-gradient":""},"mobile":{"background-color":"","background-image":"","background-repeat":"repeat","background-position":"center center","background-size":"auto","background-attachment":"scroll","background-type":"","background-media":"","overlay-type":"","overlay-color":"","overlay-gradient":""}},"ast-content-background-meta":{"desktop":{"background-color":"var(--ast-global-color-5)","background-image":"","background-repeat":"repeat","background-position":"center center","background-size":"auto","background-attachment":"scroll","background-type":"","background-media":"","overlay-type":"","overlay-color":"","overlay-gradient":""},"tablet":{"background-color":"var(--ast-global-color-5)","background-image":"","background-repeat":"repeat","background-position":"center center","background-size":"auto","background-attachment":"scroll","background-type":"","background-media":"","overlay-type":"","overlay-color":"","overlay-gradient":""},"mobile":{"background-color":"var(--ast-global-color-5)","background-image":"","background-repeat":"repeat","background-position":"center center","background-size":"auto","background-attachment":"scroll","background-type":"","background-media":"","overlay-type":"","overlay-color":"","overlay-gradient":""}}},"product_brand":[],"product_cat":[44,60],"product_tag":[],"class_list":{"0":"post-2762","1":"product","2":"type-product","3":"status-publish","4":"has-post-thumbnail","6":"product_cat-recursos-en-espanol","7":"product_cat-recursos-de-fe","8":"desktop-align-center","9":"tablet-align-left","10":"mobile-align-left","12":"first","13":"instock","14":"downloadable","15":"virtual","16":"purchasable","17":"product-type-simple"},"aioseo_notices":[],"_links":{"self":[{"href":"https:\/\/store.completeyouth.org\/index.php\/wp-json\/wp\/v2\/product\/2762","targetHints":{"allow":["GET"]}}],"collection":[{"href":"https:\/\/store.completeyouth.org\/index.php\/wp-json\/wp\/v2\/product"}],"about":[{"href":"https:\/\/store.completeyouth.org\/index.php\/wp-json\/wp\/v2\/types\/product"}],"replies":[{"embeddable":true,"href":"https:\/\/store.completeyouth.org\/index.php\/wp-json\/wp\/v2\/comments?post=2762"}],"wp:featuredmedia":[{"embeddable":true,"href":"https:\/\/store.completeyouth.org\/index.php\/wp-json\/wp\/v2\/media\/2763"}],"wp:attachment":[{"href":"https:\/\/store.completeyouth.org\/index.php\/wp-json\/wp\/v2\/media?parent=2762"}],"wp:term":[{"taxonomy":"product_brand","embeddable":true,"href":"https:\/\/store.completeyouth.org\/index.php\/wp-json\/wp\/v2\/product_brand?post=2762"},{"taxonomy":"product_cat","embeddable":true,"href":"https:\/\/store.completeyouth.org\/index.php\/wp-json\/wp\/v2\/product_cat?post=2762"},{"taxonomy":"product_tag","embeddable":true,"href":"https:\/\/store.completeyouth.org\/index.php\/wp-json\/wp\/v2\/product_tag?post=2762"}],"curies":[{"name":"wp","href":"https:\/\/api.w.org\/{rel}","templated":true}]}}